{"id":1101,"date":"2014-10-30T21:33:19","date_gmt":"2014-10-30T21:33:19","guid":{"rendered":"http:\/\/herne1.de\/?page_id=1101"},"modified":"2016-04-28T15:58:18","modified_gmt":"2016-04-28T15:58:18","slug":"tipps-fuer-neugaertner","status":"publish","type":"page","link":"http:\/\/herne1.de\/?page_id=1101","title":{"rendered":"Tipps f\u00fcr Neug\u00e4rtner"},"content":{"rendered":"<p>Hallo !<\/p>\n<p>Neu bei uns ? Alle Termine mit dem Vorstand schon abgearbeitet ?<\/p>\n<p>Dann geht&#8217;s jetzt in den Garten. Hierzu ein paar Tipps &#8211; zum Teil aus eigener (manchmal leidvoller) Erfahrung:<\/p>\n<p><strong>1. Planen<\/strong>. Am Anfang m\u00f6chte man den Garten m\u00f6glichst schnell \u00a0fertig haben. Dabei \u00fcbernimmt und verzettelt sich ganz gerne und am Ende des ersten Gartenjahres hat man dann das Gef\u00fchl irgendwie doch nichts geschafft zu haben. Am wenigsten Arbeit macht erstmal das Rasenm\u00e4hen und das ordentliche Pflegen der Au\u00dfenrabatten. Das macht ersteinmal optisch ne Menge her. Danach sollte man sich St\u00fcck f\u00fcr St\u00fcck seinen Garten vornehmen, genau \u00fcberlegen wie die Parzelle vielleicht einmal aussehen soll und das Ganze dann in kleinere Projekte aufteilen und diese dann nacheinander abarbeiten. Alles gleichzeitig funktioniert nicht. Besser ist es sich z.B. von vorne nach hinten zu arbeiten, oder erst mit der Laube anzufangen. Immer eins nach dem anderen. Und immer in Ruhe \u00fcberlegen ob der eigene Plan Sinn macht. Rat holen bei den Gartennachbarn schadet dabei \u00fcberhaupt nicht, die haben n\u00e4mlich in vielen Jahren schon viele Erfahrungen gesammelt.<\/p>\n<p><strong>2. Sparen<\/strong>. Nicht immer muss man alles teuer aus Bau- und Pflanzenfachm\u00e4rkten kaufen. Vieles bekommt man oft ganz umsonst direkt in unserer Anlage. Viele Ger\u00e4te die man selbst vielleicht nur einmal odr nur selten braucht (z.B. Schredder) muss man nicht kaufen. Der Verein besitzt so etwas vielleicht und als Mitglied kann man Vereinsger\u00e4te nutzen. Einfach unsere &#8222;\u00fcblichen Verd\u00e4chtigen&#8220; im Garten ansprechen &#8211; Vorsitzender und Gartenobmann z.B.. Auch bei Pflanzen kann viel gespart werden, weil man in der Regel innerhalb der Anlage sehr gut mit Ablegern, Samen, Zwiebeln, Pflanzen etc. versorgt werden kann &#8211; und das meist in besserer Qualit\u00e4t als aus dem Fachmarkt, Pflegetipps inklusive. Also vor dem Kauf gilt auch hier &#8211; fragen. \u00c4hnliches gilt auch f\u00fcr alle Arten von Materialien &#8211; oft haben andere G\u00e4rtner noch Gehwegplatten, Steine, Sand, Holzlatten etc. irgendwo hinter der Laube liegen. \u00a0Wenn&#8217;s also nicht um eine Palette Marmorfliesen geht kann man auch hier vielleicht kosteng\u00fcnstig innerhalb der Anlage sein Material bekommen &#8211; die Nachbarn freuen sich meist sogar \u00fcberz\u00e4hliges Material nicht mehr lagern zu m\u00fcssen.<\/p>\n<p><strong>3. Reden.\u00a0<\/strong>Nicht nur bei den oben genannten Tipps ist Reden nat\u00fcrlich absolut notwendig. Auch sonst wird in einer Kleingartenanlage st\u00e4ndig \u00fcber alles gequatscht. Man lernt dabei viel \u00fcber Verein und Garten, insbesondere Wissensl\u00fccken in Bezug auf Pflanzenpflege oder die &#8222;Reduzierung unerw\u00fcnschter Beikr\u00e4uter&#8220; k\u00f6nnen so deutlich reduziert werden. Wir vom Vorstand sehen es eh gerne, wenn unsere P\u00e4chter miteinander gut auskommen und sich im Gespr\u00e4ch kennen lernen. Neben dem klassischen Gespr\u00e4ch am Gartenzaun funktioniert dies \u00fcbrigens prima auf unseren Vereinsfeiern oder von Mai bis Oktober an jedem ersten Sonntag im Monat bei unserem kleinen Fr\u00fchschoppen.<\/p>\n<p><strong>4. Die Gartengemeinschaft.<\/strong> Wie in jedem Verein steht und f\u00e4llt das Ganze mit dem Engagement der einzelnen Mitglieder. Was nicht funktioniert, ist dass alle nur f\u00fcr sich in ihrem Parzellen dahing\u00e4rtnern. \u00a0Der Verein (und damit alle P\u00e4chter und Mitglieder) sind nicht nur aufgerufen, sondern sogar laut Satzung verpflichtet, die Gemeinschaftsfl\u00e4chen- und anlagen zu pflegen und in Stand zu halten. Auch eine aktive Beteiligung an den finanziell nicht unwichtigen Vereinsfeiern geh\u00f6rt dazu. Wie legen vom Vorstand jedes Jahr eine kleine Anzahl Pflichtstunden fest, die von allen P\u00e4chtern zu leisten ist. In der Regel sind dies 3 f\u00fcr die Vereinsfeiern und 3 f\u00fcr allgemeine Aufgaben. Diese Arbeitsleistungen ben\u00f6tigt der Verein mindestens, um den jetzigen Status aufrecht zu erhalten. Dazu kommt noch eine Pflegearbeit f\u00fcr das Jahr, entweder das M\u00e4hen der Rasenfl\u00e4chen oder die Bearbeitung eines Pflegest\u00fcckes in den Au\u00dfenrabatten. Hierf\u00fcr h\u00e4ngen wir fr\u00fch im Jahr einen Pflegeplan aus. Sollte es P\u00e4chtern nicht m\u00f6glich sein dieses zu leisten (was eigentlich kaum m\u00f6glich ist bei nur wenigen Stunden Arbeit pro Jahr), bitten wir entweder um rechtzeitige Meldung, besser aber ist es immer, selbst f\u00fcr Ersatz zu sorgen.<\/p>\n<p>Ansonsten freuen wir uns aber immer wenn Mitglieder auch \u00fcber diese Pflichtanteile hinaus bereit sind zu helfen. Dies kann bei unseren kleineren Projekten sein, aber einfach auch nur die Mithilfe zwischendurch &#8211; f\u00fcr den Verein im Allgemeinen aber nat\u00fcrlich auch die nachbarschaftliche Unterst\u00fctzung zwischen den G\u00e4rtnern. Je mehr man sich gegenseitig unterst\u00fctzt, desto enspannter ist das Miteinander im Garten.<\/p>\n<p><strong>5. Kinder.<\/strong> Was wir gar nicht m\u00f6gen, ist wenn Kinder am Spielen gehindert werden. Nat\u00fcrlich darf dabei nichts besch\u00e4digt werden, laut k\u00f6nnen Kinder aber ruhig sein. Wir haben nicht viele freie Fl\u00e4chen, erweitern aber kontinuierlich unseren Spielplatzbereich und freuen uns auch immer \u00fcber vereinsfremde Kinder, die diesen nutzen. F\u00fcr Kinder gilt keine Mittagsruhe und wir beschr\u00e4nken uns in deren Entfaltung nur durch die Auflagen unserer Gartenordnung. P\u00e4chter mit Kindern sind bei uns immer erste Wahl bei der Neuvergabe von Kleingartenparzellen. Vorschl\u00e4ge zur aktiven Einbindung der &#8222;Kleinen G\u00e4rtner&#8220; sind bei uns immer hoch willkommen !<\/p>\n<p>(&#8230;wird fortgef\u00fchrt&#8230;)<\/p>\n","protected":false},"excerpt":{"rendered":"<p>Hallo ! Neu bei uns ? Alle Termine mit dem Vorstand schon abgearbeitet ? Dann geht&#8217;s jetzt in den Garten. Hierzu ein paar Tipps &#8211; zum Teil aus eigener (manchmal leidvoller) Erfahrung: 1. Planen. Am Anfang m\u00f6chte man den Garten &hellip; <a href=\"http:\/\/herne1.de\/?page_id=1101\">Weiterlesen <span class=\"meta-nav\">&rarr;<\/span><\/a><\/p>\n","protected":false},"author":1,"featured_media":1083,"parent":88,"menu_order":0,"comment_status":"closed","ping_status":"closed","template":"","meta":{"footnotes":""},"class_list":["post-1101","page","type-page","status-publish","has-post-thumbnail","hentry"],"jetpack_sharing_enabled":true,"jetpack_shortlink":"https:\/\/wp.me\/P8oLBr-hL","_links":{"self":[{"href":"http:\/\/herne1.de\/index.php?rest_route=\/wp\/v2\/pages\/1101","targetHints":{"allow":["GET"]}}],"collection":[{"href":"http:\/\/herne1.de\/index.php?rest_route=\/wp\/v2\/pages"}],"about":[{"href":"http:\/\/herne1.de\/index.php?rest_route=\/wp\/v2\/types\/page"}],"author":[{"embeddable":true,"href":"http:\/\/herne1.de\/index.php?rest_route=\/wp\/v2\/users\/1"}],"replies":[{"embeddable":true,"href":"http:\/\/herne1.de\/index.php?rest_route=%2Fwp%2Fv2%2Fcomments&post=1101"}],"version-history":[{"count":4,"href":"http:\/\/herne1.de\/index.php?rest_route=\/wp\/v2\/pages\/1101\/revisions"}],"predecessor-version":[{"id":1256,"href":"http:\/\/herne1.de\/index.php?rest_route=\/wp\/v2\/pages\/1101\/revisions\/1256"}],"up":[{"embeddable":true,"href":"http:\/\/herne1.de\/index.php?rest_route=\/wp\/v2\/pages\/88"}],"wp:featuredmedia":[{"embeddable":true,"href":"http:\/\/herne1.de\/index.php?rest_route=\/wp\/v2\/media\/1083"}],"wp:attachment":[{"href":"http:\/\/herne1.de\/index.php?rest_route=%2Fwp%2Fv2%2Fmedia&parent=1101"}],"curies":[{"name":"wp","href":"https:\/\/api.w.org\/{rel}","templated":true}]}}