{"id":1206,"date":"2016-04-28T14:33:52","date_gmt":"2016-04-28T14:33:52","guid":{"rendered":"http:\/\/herne1.de\/?page_id=1206"},"modified":"2017-10-28T14:32:33","modified_gmt":"2017-10-28T14:32:33","slug":"oeffentliche-obst-und-beerenwiese","status":"publish","type":"page","link":"http:\/\/herne1.de\/?page_id=1206","title":{"rendered":"\u00d6ffentliche &#8222;Obst-und Beerenwiese&#8220;"},"content":{"rendered":"<p>Noch vor wenigen Jahren gab es eine wenig genutzte Fl\u00e4che am Ende unserer Kleingartenanlage. Diese war eher unbeliebt bei unseren G\u00e4rtnern, machte sie doch nur Arbeit ohne einen wirklichen Nutzen zu bieten.<\/p>\n<p>2012 wurde dann diese Fl\u00e4che von uns umgestaltet.<\/p>\n<p>Die alten Kirschlorbeerhecken zur Strasse hin wurden entfernt, Beete neu angelegt, junge Obstb\u00e4ume gesetzt und an Stelle der Hecke eine lange Reihe verschiedener Johannisbeerstr\u00e4ucher gesetzt (rote, weisse und schwarze).<\/p>\n<p>Ebenfalls auf der Fl\u00e4che befinden sich ein Igelhaus, einige Nisthilfen, Kompostanlagen sowie eine kleine Benjeshecke und seit 2015 auch einige Bienenst\u00f6cke.<img loading=\"lazy\" decoding=\"async\" class=\"aligncenter size-full wp-image-1148\" src=\"http:\/\/herne1.de\/wp-content\/uploads\/2015\/05\/K640_20150515_175141.jpg\" alt=\"K640_20150515_175141\" width=\"640\" height=\"480\" srcset=\"http:\/\/herne1.de\/wp-content\/uploads\/2015\/05\/K640_20150515_175141.jpg 640w, http:\/\/herne1.de\/wp-content\/uploads\/2015\/05\/K640_20150515_175141-300x225.jpg 300w\" sizes=\"auto, (max-width: 640px) 100vw, 640px\" \/><\/p>\n<p>Im Sommer kann diese Fl\u00e4che von\u00a0allen, die Johannisbeeren oder sonst dort wachsendes Obst naschen m\u00f6chten, zur Ernte genutzt werden, wir erwarten nur ein ma\u00dfvolles Ernten und eine pflegliche Behandlung der allgemein zug\u00e4nglichen Fl\u00e4che.<\/p>\n<p>In Zukunft wollen wir dort den Beerenbestand noch etwas erweitern, vielleicht eine Kr\u00e4uterecke anlegen und auch weiter f\u00fcr Nist- und Brutm\u00f6glichkeiten an dieser Stelle sorgen.<\/p>\n<p><img loading=\"lazy\" decoding=\"async\" class=\"aligncenter size-full wp-image-1376\" src=\"http:\/\/herne1.de\/wp-content\/uploads\/2016\/04\/K800_20150515_175212.jpg\" alt=\"K800_20150515_175212\" width=\"800\" height=\"600\" srcset=\"http:\/\/herne1.de\/wp-content\/uploads\/2016\/04\/K800_20150515_175212.jpg 800w, http:\/\/herne1.de\/wp-content\/uploads\/2016\/04\/K800_20150515_175212-300x225.jpg 300w, http:\/\/herne1.de\/wp-content\/uploads\/2016\/04\/K800_20150515_175212-768x576.jpg 768w\" sizes=\"auto, (max-width: 800px) 100vw, 800px\" \/> <img loading=\"lazy\" decoding=\"async\" class=\"aligncenter size-full wp-image-1377\" src=\"http:\/\/herne1.de\/wp-content\/uploads\/2016\/04\/K800_20150805_144557.jpg\" alt=\"K800_20150805_144557\" width=\"1067\" height=\"600\" srcset=\"http:\/\/herne1.de\/wp-content\/uploads\/2016\/04\/K800_20150805_144557.jpg 1067w, http:\/\/herne1.de\/wp-content\/uploads\/2016\/04\/K800_20150805_144557-300x169.jpg 300w, http:\/\/herne1.de\/wp-content\/uploads\/2016\/04\/K800_20150805_144557-768x432.jpg 768w, http:\/\/herne1.de\/wp-content\/uploads\/2016\/04\/K800_20150805_144557-1024x576.jpg 1024w\" sizes=\"auto, (max-width: 1067px) 100vw, 1067px\" \/> <img loading=\"lazy\" decoding=\"async\" class=\"aligncenter size-full wp-image-1378\" src=\"http:\/\/herne1.de\/wp-content\/uploads\/2016\/04\/K800_20160720_125834-e1486980836822.jpg\" alt=\"K800_20160720_125834\" width=\"600\" height=\"600\" srcset=\"http:\/\/herne1.de\/wp-content\/uploads\/2016\/04\/K800_20160720_125834-e1486980836822.jpg 600w, http:\/\/herne1.de\/wp-content\/uploads\/2016\/04\/K800_20160720_125834-e1486980836822-150x150.jpg 150w, http:\/\/herne1.de\/wp-content\/uploads\/2016\/04\/K800_20160720_125834-e1486980836822-300x300.jpg 300w\" sizes=\"auto, (max-width: 600px) 100vw, 600px\" \/> <img loading=\"lazy\" decoding=\"async\" class=\"aligncenter size-full wp-image-1379\" src=\"http:\/\/herne1.de\/wp-content\/uploads\/2016\/04\/K800_IMG_9224.jpg\" alt=\"K800_IMG_9224\" width=\"900\" height=\"600\" srcset=\"http:\/\/herne1.de\/wp-content\/uploads\/2016\/04\/K800_IMG_9224.jpg 900w, http:\/\/herne1.de\/wp-content\/uploads\/2016\/04\/K800_IMG_9224-300x200.jpg 300w, http:\/\/herne1.de\/wp-content\/uploads\/2016\/04\/K800_IMG_9224-768x512.jpg 768w\" sizes=\"auto, (max-width: 900px) 100vw, 900px\" \/><\/p>\n<p>Update Oktober 2017:<\/p>\n<p>In den letzten Wochen wurde die Obstwiese an der Viktoriastrasse etwas umgestaltet.<\/p>\n<p>Die kleine\u00a0<a href=\"https:\/\/www.nachgeharkt.de\/die-benjeshecke-anlegen-und-pflege\/\" target=\"_blank\">Benjeshecke<\/a>\u00a0wurde umgesetzt und mit neuen, haltbareren Pf\u00e4hlen versehen.\u00a0 Auch die beiden Gemeinschaftskomposter sind weiter zur Strasse hin versetzt worden, da sie hinter den Bienenst\u00f6cken in der Ecke kaum zu erreichen waren.<\/p>\n<p>Mit dem frischen Kompost konnten dann auch die aufgestellten Betonpflanzk\u00fcbel bef\u00fcllt werden.\u00a0 Diese sollen dann im n\u00e4chsten Jahr das Angebot der \u00f6ffentlichen Obstwiese um frische Kr\u00e4uter erg\u00e4nzen. Im Winter sollen dann noch die Bienenst\u00f6cke ein wenig mehr nach hinten wandern, damit das Rasenm\u00e4hen erleichtert wird.<\/p>\n<p>Bei diesen Arbeiten und dem begleitetenden Heckenr\u00fcckschnitt wurden dann auch gleich noch unser Igelhaus und das &#8222;Wildbienenhotel&#8220; wieder freigelegt.<\/p>\n<p><img loading=\"lazy\" decoding=\"async\" class=\"aligncenter size-full wp-image-1639\" src=\"http:\/\/herne1.de\/wp-content\/uploads\/2016\/04\/K800_IMG_9483.jpg\" alt=\"K800_IMG_9483\" width=\"900\" height=\"600\" srcset=\"http:\/\/herne1.de\/wp-content\/uploads\/2016\/04\/K800_IMG_9483.jpg 900w, http:\/\/herne1.de\/wp-content\/uploads\/2016\/04\/K800_IMG_9483-300x200.jpg 300w, http:\/\/herne1.de\/wp-content\/uploads\/2016\/04\/K800_IMG_9483-768x512.jpg 768w\" sizes=\"auto, (max-width: 900px) 100vw, 900px\" \/><\/p>\n<p><img loading=\"lazy\" decoding=\"async\" class=\"aligncenter size-full wp-image-1634\" src=\"http:\/\/herne1.de\/wp-content\/uploads\/2017\/10\/K800_20171026_133031.jpg\" alt=\"K800_20171026_133031\" width=\"1067\" height=\"600\" srcset=\"http:\/\/herne1.de\/wp-content\/uploads\/2017\/10\/K800_20171026_133031.jpg 1067w, http:\/\/herne1.de\/wp-content\/uploads\/2017\/10\/K800_20171026_133031-300x169.jpg 300w, http:\/\/herne1.de\/wp-content\/uploads\/2017\/10\/K800_20171026_133031-768x432.jpg 768w, http:\/\/herne1.de\/wp-content\/uploads\/2017\/10\/K800_20171026_133031-1024x576.jpg 1024w\" sizes=\"auto, (max-width: 1067px) 100vw, 1067px\" \/><\/p>\n","protected":false},"excerpt":{"rendered":"<p>Noch vor wenigen Jahren gab es eine wenig genutzte Fl\u00e4che am Ende unserer Kleingartenanlage. Diese war eher unbeliebt bei unseren G\u00e4rtnern, machte sie doch nur Arbeit ohne einen wirklichen Nutzen zu bieten. 2012 wurde dann diese Fl\u00e4che von uns umgestaltet. &hellip; <a href=\"http:\/\/herne1.de\/?page_id=1206\">Weiterlesen <span class=\"meta-nav\">&rarr;<\/span><\/a><\/p>\n","protected":false},"author":1,"featured_media":0,"parent":30,"menu_order":0,"comment_status":"closed","ping_status":"closed","template":"","meta":{"footnotes":""},"class_list":["post-1206","page","type-page","status-publish","hentry"],"jetpack_sharing_enabled":true,"jetpack_shortlink":"https:\/\/wp.me\/P8oLBr-js","_links":{"self":[{"href":"http:\/\/herne1.de\/index.php?rest_route=\/wp\/v2\/pages\/1206","targetHints":{"allow":["GET"]}}],"collection":[{"href":"http:\/\/herne1.de\/index.php?rest_route=\/wp\/v2\/pages"}],"about":[{"href":"http:\/\/herne1.de\/index.php?rest_route=\/wp\/v2\/types\/page"}],"author":[{"embeddable":true,"href":"http:\/\/herne1.de\/index.php?rest_route=\/wp\/v2\/users\/1"}],"replies":[{"embeddable":true,"href":"http:\/\/herne1.de\/index.php?rest_route=%2Fwp%2Fv2%2Fcomments&post=1206"}],"version-history":[{"count":4,"href":"http:\/\/herne1.de\/index.php?rest_route=\/wp\/v2\/pages\/1206\/revisions"}],"predecessor-version":[{"id":1380,"href":"http:\/\/herne1.de\/index.php?rest_route=\/wp\/v2\/pages\/1206\/revisions\/1380"}],"up":[{"embeddable":true,"href":"http:\/\/herne1.de\/index.php?rest_route=\/wp\/v2\/pages\/30"}],"wp:attachment":[{"href":"http:\/\/herne1.de\/index.php?rest_route=%2Fwp%2Fv2%2Fmedia&parent=1206"}],"curies":[{"name":"wp","href":"https:\/\/api.w.org\/{rel}","templated":true}]}}