{"id":1398,"date":"2017-02-13T14:12:13","date_gmt":"2017-02-13T14:12:13","guid":{"rendered":"http:\/\/herne1.de\/?page_id=1398"},"modified":"2018-03-15T16:58:32","modified_gmt":"2018-03-15T16:58:32","slug":"die-oase-unterwegs","status":"publish","type":"page","link":"http:\/\/herne1.de\/?page_id=1398","title":{"rendered":"Die Oase unterwegs"},"content":{"rendered":"<p>An dieser Stelle findet ihr kleinere Berichte \u00fcber unsere get\u00e4tigten Exkursionen, Lehrg\u00e4nge oder einfach nur Besuche anderer Vereine.<\/p>\n<p>Wer selbst einen Bericht beisteuern m\u00f6chte &#8211; immer her damit !<\/p>\n<p>&nbsp;<\/p>\n","protected":false},"excerpt":{"rendered":"<p>An dieser Stelle findet ihr kleinere Berichte \u00fcber unsere get\u00e4tigten Exkursionen, Lehrg\u00e4nge oder einfach nur Besuche anderer Vereine. Wer selbst einen Bericht beisteuern m\u00f6chte &#8211; immer her damit ! &nbsp;<\/p>\n","protected":false},"author":1,"featured_media":0,"parent":30,"menu_order":1,"comment_status":"closed","ping_status":"closed","template":"","meta":{"footnotes":""},"class_list":["post-1398","page","type-page","status-publish","hentry"],"jetpack_sharing_enabled":true,"jetpack_shortlink":"https:\/\/wp.me\/P8oLBr-my","_links":{"self":[{"href":"http:\/\/herne1.de\/index.php?rest_route=\/wp\/v2\/pages\/1398","targetHints":{"allow":["GET"]}}],"collection":[{"href":"http:\/\/herne1.de\/index.php?rest_route=\/wp\/v2\/pages"}],"about":[{"href":"http:\/\/herne1.de\/index.php?rest_route=\/wp\/v2\/types\/page"}],"author":[{"embeddable":true,"href":"http:\/\/herne1.de\/index.php?rest_route=\/wp\/v2\/users\/1"}],"replies":[{"embeddable":true,"href":"http:\/\/herne1.de\/index.php?rest_route=%2Fwp%2Fv2%2Fcomments&post=1398"}],"version-history":[{"count":3,"href":"http:\/\/herne1.de\/index.php?rest_route=\/wp\/v2\/pages\/1398\/revisions"}],"predecessor-version":[{"id":1566,"href":"http:\/\/herne1.de\/index.php?rest_route=\/wp\/v2\/pages\/1398\/revisions\/1566"}],"up":[{"embeddable":true,"href":"http:\/\/herne1.de\/index.php?rest_route=\/wp\/v2\/pages\/30"}],"wp:attachment":[{"href":"http:\/\/herne1.de\/index.php?rest_route=%2Fwp%2Fv2%2Fmedia&parent=1398"}],"curies":[{"name":"wp","href":"https:\/\/api.w.org\/{rel}","templated":true}]}}