{"id":1510,"date":"2017-07-31T13:11:16","date_gmt":"2017-07-31T13:11:16","guid":{"rendered":"http:\/\/herne1.de\/?page_id=1510"},"modified":"2017-07-31T13:17:54","modified_gmt":"2017-07-31T13:17:54","slug":"garten-27","status":"publish","type":"page","link":"http:\/\/herne1.de\/?page_id=1510","title":{"rendered":"Garten Nr. 27"},"content":{"rendered":"<p>Garten 27 wird von unserem Urgestein und fr\u00fcheren Vereinsvorsitzenden Horst Metzger gepflegt. In jedem Jahr kann man hier neue Pflanzen bewundern. War es beispielsweise 2016 noch eine riesige Silberdistel, die am Gartenzaun m\u00e4chtig Eindruck machte, war es in 2017 eine ganz vielf\u00e4ltige Bl\u00fctenpracht .<\/p>\n<p><strong>2016:<\/strong><\/p>\n<p><img loading=\"lazy\" decoding=\"async\" class=\"aligncenter wp-image-1236\" src=\"http:\/\/herne1.de\/wp-content\/uploads\/2014\/05\/K800_20150724_162253-e1501506359828.jpg\" alt=\"K800_20150724_162253\" width=\"420\" height=\"747\" srcset=\"http:\/\/herne1.de\/wp-content\/uploads\/2014\/05\/K800_20150724_162253-e1501506359828.jpg 600w, http:\/\/herne1.de\/wp-content\/uploads\/2014\/05\/K800_20150724_162253-e1501506359828-169x300.jpg 169w, http:\/\/herne1.de\/wp-content\/uploads\/2014\/05\/K800_20150724_162253-e1501506359828-576x1024.jpg 576w\" sizes=\"auto, (max-width: 420px) 100vw, 420px\" \/><\/p>\n<p><strong>2017:<\/strong><\/p>\n<p><img loading=\"lazy\" decoding=\"async\" class=\"aligncenter size-full wp-image-1517\" src=\"http:\/\/herne1.de\/wp-content\/uploads\/2017\/07\/K800_IMG_9466.jpg\" alt=\"K800_IMG_9466\" width=\"900\" height=\"600\" srcset=\"http:\/\/herne1.de\/wp-content\/uploads\/2017\/07\/K800_IMG_9466.jpg 900w, http:\/\/herne1.de\/wp-content\/uploads\/2017\/07\/K800_IMG_9466-300x200.jpg 300w, http:\/\/herne1.de\/wp-content\/uploads\/2017\/07\/K800_IMG_9466-768x512.jpg 768w\" sizes=\"auto, (max-width: 900px) 100vw, 900px\" \/><\/p>\n<p><img loading=\"lazy\" decoding=\"async\" class=\"aligncenter size-full wp-image-1516\" src=\"http:\/\/herne1.de\/wp-content\/uploads\/2017\/07\/K800_IMG_9465.jpg\" alt=\"K800_IMG_9465\" width=\"900\" height=\"600\" srcset=\"http:\/\/herne1.de\/wp-content\/uploads\/2017\/07\/K800_IMG_9465.jpg 900w, http:\/\/herne1.de\/wp-content\/uploads\/2017\/07\/K800_IMG_9465-300x200.jpg 300w, http:\/\/herne1.de\/wp-content\/uploads\/2017\/07\/K800_IMG_9465-768x512.jpg 768w\" sizes=\"auto, (max-width: 900px) 100vw, 900px\" \/> <img loading=\"lazy\" decoding=\"async\" class=\"aligncenter size-full wp-image-1513\" src=\"http:\/\/herne1.de\/wp-content\/uploads\/2017\/07\/K800_IMG_9462.jpg\" alt=\"K800_IMG_9462\" width=\"900\" height=\"600\" srcset=\"http:\/\/herne1.de\/wp-content\/uploads\/2017\/07\/K800_IMG_9462.jpg 900w, http:\/\/herne1.de\/wp-content\/uploads\/2017\/07\/K800_IMG_9462-300x200.jpg 300w, http:\/\/herne1.de\/wp-content\/uploads\/2017\/07\/K800_IMG_9462-768x512.jpg 768w\" sizes=\"auto, (max-width: 900px) 100vw, 900px\" \/> <img loading=\"lazy\" decoding=\"async\" class=\"aligncenter size-full wp-image-1511\" src=\"http:\/\/herne1.de\/wp-content\/uploads\/2017\/07\/K800_IMG_9460.jpg\" alt=\"K800_IMG_9460\" width=\"900\" height=\"600\" srcset=\"http:\/\/herne1.de\/wp-content\/uploads\/2017\/07\/K800_IMG_9460.jpg 900w, http:\/\/herne1.de\/wp-content\/uploads\/2017\/07\/K800_IMG_9460-300x200.jpg 300w, http:\/\/herne1.de\/wp-content\/uploads\/2017\/07\/K800_IMG_9460-768x512.jpg 768w\" sizes=\"auto, (max-width: 900px) 100vw, 900px\" \/><img loading=\"lazy\" decoding=\"async\" class=\"aligncenter size-full wp-image-1521\" src=\"http:\/\/herne1.de\/wp-content\/uploads\/2017\/07\/K800_20170629_1802032016.jpg\" alt=\"K800_20170629_180203[2016]\" width=\"1067\" height=\"600\" srcset=\"http:\/\/herne1.de\/wp-content\/uploads\/2017\/07\/K800_20170629_1802032016.jpg 1067w, http:\/\/herne1.de\/wp-content\/uploads\/2017\/07\/K800_20170629_1802032016-300x169.jpg 300w, http:\/\/herne1.de\/wp-content\/uploads\/2017\/07\/K800_20170629_1802032016-768x432.jpg 768w, http:\/\/herne1.de\/wp-content\/uploads\/2017\/07\/K800_20170629_1802032016-1024x576.jpg 1024w\" sizes=\"auto, (max-width: 1067px) 100vw, 1067px\" \/> <img loading=\"lazy\" decoding=\"async\" class=\"aligncenter size-full wp-image-1524\" src=\"http:\/\/herne1.de\/wp-content\/uploads\/2017\/07\/K800_20170629_1802262014.jpg\" alt=\"K800_20170629_180226[2014]\" width=\"1067\" height=\"600\" srcset=\"http:\/\/herne1.de\/wp-content\/uploads\/2017\/07\/K800_20170629_1802262014.jpg 1067w, http:\/\/herne1.de\/wp-content\/uploads\/2017\/07\/K800_20170629_1802262014-300x169.jpg 300w, http:\/\/herne1.de\/wp-content\/uploads\/2017\/07\/K800_20170629_1802262014-768x432.jpg 768w, http:\/\/herne1.de\/wp-content\/uploads\/2017\/07\/K800_20170629_1802262014-1024x576.jpg 1024w\" sizes=\"auto, (max-width: 1067px) 100vw, 1067px\" \/> <img loading=\"lazy\" decoding=\"async\" class=\"aligncenter size-full wp-image-1525\" src=\"http:\/\/herne1.de\/wp-content\/uploads\/2017\/07\/K800_20170629_1802392018.jpg\" alt=\"K800_20170629_180239[2018]\" width=\"1067\" height=\"600\" srcset=\"http:\/\/herne1.de\/wp-content\/uploads\/2017\/07\/K800_20170629_1802392018.jpg 1067w, http:\/\/herne1.de\/wp-content\/uploads\/2017\/07\/K800_20170629_1802392018-300x169.jpg 300w, http:\/\/herne1.de\/wp-content\/uploads\/2017\/07\/K800_20170629_1802392018-768x432.jpg 768w, http:\/\/herne1.de\/wp-content\/uploads\/2017\/07\/K800_20170629_1802392018-1024x576.jpg 1024w\" sizes=\"auto, (max-width: 1067px) 100vw, 1067px\" \/><\/p>\n","protected":false},"excerpt":{"rendered":"<p>Garten 27 wird von unserem Urgestein und fr\u00fcheren Vereinsvorsitzenden Horst Metzger gepflegt. In jedem Jahr kann man hier neue Pflanzen bewundern. War es beispielsweise 2016 noch eine riesige Silberdistel, die am Gartenzaun m\u00e4chtig Eindruck machte, war es in 2017 eine &hellip; <a href=\"http:\/\/herne1.de\/?page_id=1510\">Weiterlesen <span class=\"meta-nav\">&rarr;<\/span><\/a><\/p>\n","protected":false},"author":1,"featured_media":1523,"parent":569,"menu_order":27,"comment_status":"closed","ping_status":"closed","template":"","meta":{"footnotes":""},"class_list":["post-1510","page","type-page","status-publish","has-post-thumbnail","hentry"],"jetpack_sharing_enabled":true,"jetpack_shortlink":"https:\/\/wp.me\/P8oLBr-om","_links":{"self":[{"href":"http:\/\/herne1.de\/index.php?rest_route=\/wp\/v2\/pages\/1510","targetHints":{"allow":["GET"]}}],"collection":[{"href":"http:\/\/herne1.de\/index.php?rest_route=\/wp\/v2\/pages"}],"about":[{"href":"http:\/\/herne1.de\/index.php?rest_route=\/wp\/v2\/types\/page"}],"author":[{"embeddable":true,"href":"http:\/\/herne1.de\/index.php?rest_route=\/wp\/v2\/users\/1"}],"replies":[{"embeddable":true,"href":"http:\/\/herne1.de\/index.php?rest_route=%2Fwp%2Fv2%2Fcomments&post=1510"}],"version-history":[{"count":5,"href":"http:\/\/herne1.de\/index.php?rest_route=\/wp\/v2\/pages\/1510\/revisions"}],"predecessor-version":[{"id":1527,"href":"http:\/\/herne1.de\/index.php?rest_route=\/wp\/v2\/pages\/1510\/revisions\/1527"}],"up":[{"embeddable":true,"href":"http:\/\/herne1.de\/index.php?rest_route=\/wp\/v2\/pages\/569"}],"wp:featuredmedia":[{"embeddable":true,"href":"http:\/\/herne1.de\/index.php?rest_route=\/wp\/v2\/media\/1523"}],"wp:attachment":[{"href":"http:\/\/herne1.de\/index.php?rest_route=%2Fwp%2Fv2%2Fmedia&parent=1510"}],"curies":[{"name":"wp","href":"https:\/\/api.w.org\/{rel}","templated":true}]}}