{"id":1529,"date":"2017-07-31T13:28:16","date_gmt":"2017-07-31T13:28:16","guid":{"rendered":"http:\/\/herne1.de\/?page_id=1529"},"modified":"2017-07-31T13:28:16","modified_gmt":"2017-07-31T13:28:16","slug":"garten-nr-28","status":"publish","type":"page","link":"http:\/\/herne1.de\/?page_id=1529","title":{"rendered":"Garten Nr. 28"},"content":{"rendered":"<p>Dieser Garten wird seit einigen Jahren von einer &#8222;neuen&#8220; P\u00e4chterfamilie bewirtschaftet. Eine sch\u00f6ne selbst gebaute Gartenlaube und ein gut kleing\u00e4rtnerisch genutzter und zudem optisch sehr anprechender Garten machen diese 315 Quadratmeter\u00a0zu einer Vorzeigeparzelle.<\/p>\n<p>Hier ein paar Impressionen (2017) aus diesem Garten:<\/p>\n<p><img loading=\"lazy\" decoding=\"async\" class=\"aligncenter size-full wp-image-1530\" src=\"http:\/\/herne1.de\/wp-content\/uploads\/2017\/07\/K800_IMG_9442.jpg\" alt=\"K800_IMG_9442\" width=\"900\" height=\"600\" srcset=\"http:\/\/herne1.de\/wp-content\/uploads\/2017\/07\/K800_IMG_9442.jpg 900w, http:\/\/herne1.de\/wp-content\/uploads\/2017\/07\/K800_IMG_9442-300x200.jpg 300w, http:\/\/herne1.de\/wp-content\/uploads\/2017\/07\/K800_IMG_9442-768x512.jpg 768w\" sizes=\"auto, (max-width: 900px) 100vw, 900px\" \/> <img loading=\"lazy\" decoding=\"async\" class=\"aligncenter size-full wp-image-1532\" src=\"http:\/\/herne1.de\/wp-content\/uploads\/2017\/07\/K800_IMG_9444.jpg\" alt=\"K800_IMG_9444\" width=\"900\" height=\"600\" srcset=\"http:\/\/herne1.de\/wp-content\/uploads\/2017\/07\/K800_IMG_9444.jpg 900w, http:\/\/herne1.de\/wp-content\/uploads\/2017\/07\/K800_IMG_9444-300x200.jpg 300w, http:\/\/herne1.de\/wp-content\/uploads\/2017\/07\/K800_IMG_9444-768x512.jpg 768w\" sizes=\"auto, (max-width: 900px) 100vw, 900px\" \/> <img loading=\"lazy\" decoding=\"async\" class=\"aligncenter size-full wp-image-1533\" src=\"http:\/\/herne1.de\/wp-content\/uploads\/2017\/07\/K800_IMG_9445-e1501507577210.jpg\" alt=\"K800_IMG_9445\" width=\"600\" height=\"900\" srcset=\"http:\/\/herne1.de\/wp-content\/uploads\/2017\/07\/K800_IMG_9445-e1501507577210.jpg 600w, http:\/\/herne1.de\/wp-content\/uploads\/2017\/07\/K800_IMG_9445-e1501507577210-200x300.jpg 200w\" sizes=\"auto, (max-width: 600px) 100vw, 600px\" \/> <img loading=\"lazy\" decoding=\"async\" class=\"aligncenter size-full wp-image-1534\" src=\"http:\/\/herne1.de\/wp-content\/uploads\/2017\/07\/K800_IMG_9446.jpg\" alt=\"K800_IMG_9446\" width=\"900\" height=\"600\" srcset=\"http:\/\/herne1.de\/wp-content\/uploads\/2017\/07\/K800_IMG_9446.jpg 900w, http:\/\/herne1.de\/wp-content\/uploads\/2017\/07\/K800_IMG_9446-300x200.jpg 300w, http:\/\/herne1.de\/wp-content\/uploads\/2017\/07\/K800_IMG_9446-768x512.jpg 768w\" sizes=\"auto, (max-width: 900px) 100vw, 900px\" \/> <img loading=\"lazy\" decoding=\"async\" class=\"aligncenter size-full wp-image-1537\" src=\"http:\/\/herne1.de\/wp-content\/uploads\/2017\/07\/K800_IMG_9449.jpg\" alt=\"K800_IMG_9449\" width=\"900\" height=\"600\" srcset=\"http:\/\/herne1.de\/wp-content\/uploads\/2017\/07\/K800_IMG_9449.jpg 900w, http:\/\/herne1.de\/wp-content\/uploads\/2017\/07\/K800_IMG_9449-300x200.jpg 300w, http:\/\/herne1.de\/wp-content\/uploads\/2017\/07\/K800_IMG_9449-768x512.jpg 768w\" sizes=\"auto, (max-width: 900px) 100vw, 900px\" \/> <img loading=\"lazy\" decoding=\"async\" class=\"aligncenter size-full wp-image-1538\" src=\"http:\/\/herne1.de\/wp-content\/uploads\/2017\/07\/K800_IMG_9450.jpg\" alt=\"K800_IMG_9450\" width=\"900\" height=\"600\" srcset=\"http:\/\/herne1.de\/wp-content\/uploads\/2017\/07\/K800_IMG_9450.jpg 900w, http:\/\/herne1.de\/wp-content\/uploads\/2017\/07\/K800_IMG_9450-300x200.jpg 300w, http:\/\/herne1.de\/wp-content\/uploads\/2017\/07\/K800_IMG_9450-768x512.jpg 768w\" sizes=\"auto, (max-width: 900px) 100vw, 900px\" \/> <img loading=\"lazy\" decoding=\"async\" class=\"aligncenter size-full wp-image-1539\" src=\"http:\/\/herne1.de\/wp-content\/uploads\/2017\/07\/K800_IMG_9451-e1501507590896.jpg\" alt=\"K800_IMG_9451\" width=\"600\" height=\"900\" srcset=\"http:\/\/herne1.de\/wp-content\/uploads\/2017\/07\/K800_IMG_9451-e1501507590896.jpg 600w, http:\/\/herne1.de\/wp-content\/uploads\/2017\/07\/K800_IMG_9451-e1501507590896-200x300.jpg 200w\" sizes=\"auto, (max-width: 600px) 100vw, 600px\" \/> <img loading=\"lazy\" decoding=\"async\" class=\"aligncenter size-full wp-image-1542\" src=\"http:\/\/herne1.de\/wp-content\/uploads\/2017\/07\/K800_IMG_9454.jpg\" alt=\"K800_IMG_9454\" width=\"900\" height=\"600\" srcset=\"http:\/\/herne1.de\/wp-content\/uploads\/2017\/07\/K800_IMG_9454.jpg 900w, http:\/\/herne1.de\/wp-content\/uploads\/2017\/07\/K800_IMG_9454-300x200.jpg 300w, http:\/\/herne1.de\/wp-content\/uploads\/2017\/07\/K800_IMG_9454-768x512.jpg 768w\" sizes=\"auto, (max-width: 900px) 100vw, 900px\" \/> <img loading=\"lazy\" decoding=\"async\" class=\"aligncenter size-full wp-image-1543\" src=\"http:\/\/herne1.de\/wp-content\/uploads\/2017\/07\/K800_IMG_9455.jpg\" alt=\"K800_IMG_9455\" width=\"900\" height=\"600\" srcset=\"http:\/\/herne1.de\/wp-content\/uploads\/2017\/07\/K800_IMG_9455.jpg 900w, http:\/\/herne1.de\/wp-content\/uploads\/2017\/07\/K800_IMG_9455-300x200.jpg 300w, http:\/\/herne1.de\/wp-content\/uploads\/2017\/07\/K800_IMG_9455-768x512.jpg 768w\" sizes=\"auto, (max-width: 900px) 100vw, 900px\" \/> <img loading=\"lazy\" decoding=\"async\" class=\"aligncenter size-full wp-image-1544\" src=\"http:\/\/herne1.de\/wp-content\/uploads\/2017\/07\/K800_IMG_9456.jpg\" alt=\"K800_IMG_9456\" width=\"900\" height=\"600\" srcset=\"http:\/\/herne1.de\/wp-content\/uploads\/2017\/07\/K800_IMG_9456.jpg 900w, http:\/\/herne1.de\/wp-content\/uploads\/2017\/07\/K800_IMG_9456-300x200.jpg 300w, http:\/\/herne1.de\/wp-content\/uploads\/2017\/07\/K800_IMG_9456-768x512.jpg 768w\" sizes=\"auto, (max-width: 900px) 100vw, 900px\" \/> <img loading=\"lazy\" decoding=\"async\" class=\"aligncenter size-full wp-image-1545\" src=\"http:\/\/herne1.de\/wp-content\/uploads\/2017\/07\/K800_IMG_9457.jpg\" alt=\"K800_IMG_9457\" width=\"900\" height=\"600\" srcset=\"http:\/\/herne1.de\/wp-content\/uploads\/2017\/07\/K800_IMG_9457.jpg 900w, http:\/\/herne1.de\/wp-content\/uploads\/2017\/07\/K800_IMG_9457-300x200.jpg 300w, http:\/\/herne1.de\/wp-content\/uploads\/2017\/07\/K800_IMG_9457-768x512.jpg 768w\" sizes=\"auto, (max-width: 900px) 100vw, 900px\" \/> <img loading=\"lazy\" decoding=\"async\" class=\"aligncenter size-full wp-image-1546\" src=\"http:\/\/herne1.de\/wp-content\/uploads\/2017\/07\/K800_IMG_9458.jpg\" alt=\"K800_IMG_9458\" width=\"900\" height=\"600\" srcset=\"http:\/\/herne1.de\/wp-content\/uploads\/2017\/07\/K800_IMG_9458.jpg 900w, http:\/\/herne1.de\/wp-content\/uploads\/2017\/07\/K800_IMG_9458-300x200.jpg 300w, http:\/\/herne1.de\/wp-content\/uploads\/2017\/07\/K800_IMG_9458-768x512.jpg 768w\" sizes=\"auto, (max-width: 900px) 100vw, 900px\" \/> <img loading=\"lazy\" decoding=\"async\" class=\"aligncenter size-full wp-image-1547\" src=\"http:\/\/herne1.de\/wp-content\/uploads\/2017\/07\/K800_IMG_9459.jpg\" alt=\"K800_IMG_9459\" width=\"900\" height=\"600\" srcset=\"http:\/\/herne1.de\/wp-content\/uploads\/2017\/07\/K800_IMG_9459.jpg 900w, http:\/\/herne1.de\/wp-content\/uploads\/2017\/07\/K800_IMG_9459-300x200.jpg 300w, http:\/\/herne1.de\/wp-content\/uploads\/2017\/07\/K800_IMG_9459-768x512.jpg 768w\" sizes=\"auto, (max-width: 900px) 100vw, 900px\" \/><\/p>\n<p>&nbsp;<\/p>\n","protected":false},"excerpt":{"rendered":"<p>Dieser Garten wird seit einigen Jahren von einer &#8222;neuen&#8220; P\u00e4chterfamilie bewirtschaftet. Eine sch\u00f6ne selbst gebaute Gartenlaube und ein gut kleing\u00e4rtnerisch genutzter und zudem optisch sehr anprechender Garten machen diese 315 Quadratmeter\u00a0zu einer Vorzeigeparzelle. Hier ein paar Impressionen (2017) aus diesem &hellip; <a href=\"http:\/\/herne1.de\/?page_id=1529\">Weiterlesen <span class=\"meta-nav\">&rarr;<\/span><\/a><\/p>\n","protected":false},"author":1,"featured_media":0,"parent":569,"menu_order":28,"comment_status":"closed","ping_status":"closed","template":"","meta":{"footnotes":""},"class_list":["post-1529","page","type-page","status-publish","hentry"],"jetpack_sharing_enabled":true,"jetpack_shortlink":"https:\/\/wp.me\/P8oLBr-oF","_links":{"self":[{"href":"http:\/\/herne1.de\/index.php?rest_route=\/wp\/v2\/pages\/1529","targetHints":{"allow":["GET"]}}],"collection":[{"href":"http:\/\/herne1.de\/index.php?rest_route=\/wp\/v2\/pages"}],"about":[{"href":"http:\/\/herne1.de\/index.php?rest_route=\/wp\/v2\/types\/page"}],"author":[{"embeddable":true,"href":"http:\/\/herne1.de\/index.php?rest_route=\/wp\/v2\/users\/1"}],"replies":[{"embeddable":true,"href":"http:\/\/herne1.de\/index.php?rest_route=%2Fwp%2Fv2%2Fcomments&post=1529"}],"version-history":[{"count":1,"href":"http:\/\/herne1.de\/index.php?rest_route=\/wp\/v2\/pages\/1529\/revisions"}],"predecessor-version":[{"id":1548,"href":"http:\/\/herne1.de\/index.php?rest_route=\/wp\/v2\/pages\/1529\/revisions\/1548"}],"up":[{"embeddable":true,"href":"http:\/\/herne1.de\/index.php?rest_route=\/wp\/v2\/pages\/569"}],"wp:attachment":[{"href":"http:\/\/herne1.de\/index.php?rest_route=%2Fwp%2Fv2%2Fmedia&parent=1529"}],"curies":[{"name":"wp","href":"https:\/\/api.w.org\/{rel}","templated":true}]}}