{"id":1567,"date":"2017-07-31T17:28:54","date_gmt":"2017-07-31T17:28:54","guid":{"rendered":"http:\/\/herne1.de\/?page_id=1567"},"modified":"2018-03-15T16:59:13","modified_gmt":"2018-03-15T16:59:13","slug":"vorsitzendenausfluege","status":"publish","type":"page","link":"http:\/\/herne1.de\/?page_id=1567","title":{"rendered":"&#8222;Vorsitzendenausfl\u00fcge&#8220; 2017"},"content":{"rendered":"<p>Von Zeit zu Zeit bin ich als Vereinsvorsitzender auch in anderen G\u00e4rten unterwegs &#8211; meistens ganz privat und nicht als Vorsitzender.<\/p>\n<p>Berichtenswertes zum Thema G\u00e4rten und Kleingartenvereine m\u00f6chte ich Euch dann aber deshalb nicht vorenthalten:<\/p>\n<p><strong>Vatertag 2017 &#8211; KGV Herne S\u00fcd<\/strong><\/p>\n<p>W\u00e4hrend einer kleinen Radtour habe ich den KGV Herne S\u00fcd besucht. Bei sommerlichen Temperaturen tummelten sich hier sicherlich rund 150 Besucher um Bierstand und Grilll und wurden dabei von einem M\u00e4nnerchor bestens unterhalten. Auf jeden Fall ein lohnenswerter Stopp f\u00fcr ein Erfrischungspils auch im n\u00e4chsten Jahr.<\/p>\n<p><img loading=\"lazy\" decoding=\"async\" class=\"aligncenter size-full wp-image-1568\" src=\"http:\/\/herne1.de\/wp-content\/uploads\/2017\/07\/K800_1495708597279.e4da8b80-be33-44ce-ae2c-23135c382d09.jpg\" alt=\"K800_1495708597279.e4da8b80-be33-44ce-ae2c-23135c382d09\" width=\"1067\" height=\"600\" srcset=\"http:\/\/herne1.de\/wp-content\/uploads\/2017\/07\/K800_1495708597279.e4da8b80-be33-44ce-ae2c-23135c382d09.jpg 1067w, http:\/\/herne1.de\/wp-content\/uploads\/2017\/07\/K800_1495708597279.e4da8b80-be33-44ce-ae2c-23135c382d09-300x169.jpg 300w, http:\/\/herne1.de\/wp-content\/uploads\/2017\/07\/K800_1495708597279.e4da8b80-be33-44ce-ae2c-23135c382d09-768x432.jpg 768w, http:\/\/herne1.de\/wp-content\/uploads\/2017\/07\/K800_1495708597279.e4da8b80-be33-44ce-ae2c-23135c382d09-1024x576.jpg 1024w\" sizes=\"auto, (max-width: 1067px) 100vw, 1067px\" \/><\/p>\n<p><strong>08. Juli &#8211; KGV Herne Nord<\/strong><\/p>\n<p>Den KGV Herne Nord habe ich anl\u00e4sslich eines Sommerfestes besucht. Auch hier hatte der Verein Gl\u00fcck mit dem Wetter, was besonders den Kindern zu Gute kam. Ein Clown k\u00fcmmerte sich um sie w\u00e4hrend die gro\u00dfen G\u00e4rtner bei Bier, Bratwurst und Kuchen mit DJ Musik &#8222;bespasst&#8220; wurden.<\/p>\n<p><img loading=\"lazy\" decoding=\"async\" class=\"aligncenter size-full wp-image-1569\" src=\"http:\/\/herne1.de\/wp-content\/uploads\/2017\/07\/K800_20170708_173442.jpg\" alt=\"K800_20170708_173442\" width=\"1067\" height=\"600\" srcset=\"http:\/\/herne1.de\/wp-content\/uploads\/2017\/07\/K800_20170708_173442.jpg 1067w, http:\/\/herne1.de\/wp-content\/uploads\/2017\/07\/K800_20170708_173442-300x169.jpg 300w, http:\/\/herne1.de\/wp-content\/uploads\/2017\/07\/K800_20170708_173442-768x432.jpg 768w, http:\/\/herne1.de\/wp-content\/uploads\/2017\/07\/K800_20170708_173442-1024x576.jpg 1024w\" sizes=\"auto, (max-width: 1067px) 100vw, 1067px\" \/> <img loading=\"lazy\" decoding=\"async\" class=\"aligncenter size-full wp-image-1571\" src=\"http:\/\/herne1.de\/wp-content\/uploads\/2017\/07\/K800_20170708_182215.jpg\" alt=\"K800_20170708_182215\" width=\"1067\" height=\"600\" srcset=\"http:\/\/herne1.de\/wp-content\/uploads\/2017\/07\/K800_20170708_182215.jpg 1067w, http:\/\/herne1.de\/wp-content\/uploads\/2017\/07\/K800_20170708_182215-300x169.jpg 300w, http:\/\/herne1.de\/wp-content\/uploads\/2017\/07\/K800_20170708_182215-768x432.jpg 768w, http:\/\/herne1.de\/wp-content\/uploads\/2017\/07\/K800_20170708_182215-1024x576.jpg 1024w\" sizes=\"auto, (max-width: 1067px) 100vw, 1067px\" \/><\/p>\n<p><strong>Noch einmal KGV Herne S\u00fcd &#8211; Sommerfest 01.07.2017<\/strong><\/p>\n<p>Zugegeben, die Bilder sind nicht so wirklich gut. Aber sie lassen erahnen was der KGV Herne S\u00fcd so alles auff\u00e4hrt wenn gefeiert wird&#8230;.<\/p>\n<p>Mandelbrennerei, \u00a0Cocktailbar, ein Riesen-Bierstand, Tanzfl\u00e4che, DJ &#8211; alles da was man braucht. Und so ist dieser Gartenverein einer derjenigen, der es noch hinbekommt, gro\u00dfe Gartenfeste zu feiern. Auf jeden Fall einen Besuch wert.<\/p>\n<p><img loading=\"lazy\" decoding=\"async\" class=\"aligncenter size-full wp-image-1577\" src=\"http:\/\/herne1.de\/wp-content\/uploads\/2017\/07\/K800_20170701_234944-e1501521781330.jpg\" alt=\"K800_20170701_234944\" width=\"600\" height=\"1067\" srcset=\"http:\/\/herne1.de\/wp-content\/uploads\/2017\/07\/K800_20170701_234944-e1501521781330.jpg 600w, http:\/\/herne1.de\/wp-content\/uploads\/2017\/07\/K800_20170701_234944-e1501521781330-169x300.jpg 169w, http:\/\/herne1.de\/wp-content\/uploads\/2017\/07\/K800_20170701_234944-e1501521781330-576x1024.jpg 576w\" sizes=\"auto, (max-width: 600px) 100vw, 600px\" \/> <img loading=\"lazy\" decoding=\"async\" class=\"aligncenter size-full wp-image-1572\" src=\"http:\/\/herne1.de\/wp-content\/uploads\/2017\/07\/K800_20170701_224131-e1501521729707.jpg\" alt=\"K800_20170701_224131\" width=\"600\" height=\"1067\" srcset=\"http:\/\/herne1.de\/wp-content\/uploads\/2017\/07\/K800_20170701_224131-e1501521729707.jpg 600w, http:\/\/herne1.de\/wp-content\/uploads\/2017\/07\/K800_20170701_224131-e1501521729707-169x300.jpg 169w, http:\/\/herne1.de\/wp-content\/uploads\/2017\/07\/K800_20170701_224131-e1501521729707-576x1024.jpg 576w\" sizes=\"auto, (max-width: 600px) 100vw, 600px\" \/><\/p>\n<p><strong>Berlin &#8211; 30. Juli 2017<\/strong><\/p>\n<p>Im doch recht st\u00e4dtischen Berlin bin ich just auf eine ganz andere Art von Garten gestossen. Dort betreibt der Energiekonzern Vattenfall zwei\u00a0Gemeinschaftsg\u00e4rten, \u00a0die von jedermann kostenlos genutzt werden k\u00f6nnen. Jeder der mag darf dort pflanzen, pflegen und ernten, Materialen bezahlt hier der Konzern. Nette Idee f\u00fcr urban gardening und scheint auch genutzt zu werden. Weitere Infos zu diesen G\u00e4rten gibt es unter\u00a0<a href=\"https:\/\/pflanz-was.vattenfall.de\/\">https:\/\/pflanz-was.vattenfall.de\/\u00a0<\/a><\/p>\n<p><img loading=\"lazy\" decoding=\"async\" class=\"aligncenter size-full wp-image-1582\" src=\"http:\/\/herne1.de\/wp-content\/uploads\/2017\/07\/K800_IMG_9217.jpg\" alt=\"K800_IMG_9217\" width=\"900\" height=\"600\" srcset=\"http:\/\/herne1.de\/wp-content\/uploads\/2017\/07\/K800_IMG_9217.jpg 900w, http:\/\/herne1.de\/wp-content\/uploads\/2017\/07\/K800_IMG_9217-300x200.jpg 300w, http:\/\/herne1.de\/wp-content\/uploads\/2017\/07\/K800_IMG_9217-768x512.jpg 768w\" sizes=\"auto, (max-width: 900px) 100vw, 900px\" \/> <img loading=\"lazy\" decoding=\"async\" class=\"aligncenter size-full wp-image-1583\" src=\"http:\/\/herne1.de\/wp-content\/uploads\/2017\/07\/K800_IMG_9306.jpg\" alt=\"K800_IMG_9306\" width=\"900\" height=\"600\" srcset=\"http:\/\/herne1.de\/wp-content\/uploads\/2017\/07\/K800_IMG_9306.jpg 900w, http:\/\/herne1.de\/wp-content\/uploads\/2017\/07\/K800_IMG_9306-300x200.jpg 300w, http:\/\/herne1.de\/wp-content\/uploads\/2017\/07\/K800_IMG_9306-768x512.jpg 768w\" sizes=\"auto, (max-width: 900px) 100vw, 900px\" \/> <img loading=\"lazy\" decoding=\"async\" class=\"aligncenter size-full wp-image-1584\" src=\"http:\/\/herne1.de\/wp-content\/uploads\/2017\/07\/K800_IMG_9308.jpg\" alt=\"K800_IMG_9308\" width=\"900\" height=\"600\" srcset=\"http:\/\/herne1.de\/wp-content\/uploads\/2017\/07\/K800_IMG_9308.jpg 900w, http:\/\/herne1.de\/wp-content\/uploads\/2017\/07\/K800_IMG_9308-300x200.jpg 300w, http:\/\/herne1.de\/wp-content\/uploads\/2017\/07\/K800_IMG_9308-768x512.jpg 768w\" sizes=\"auto, (max-width: 900px) 100vw, 900px\" \/> <img loading=\"lazy\" decoding=\"async\" class=\"aligncenter size-full wp-image-1585\" src=\"http:\/\/herne1.de\/wp-content\/uploads\/2017\/07\/K800_IMG_9312-e1501534924434.jpg\" alt=\"K800_IMG_9312\" width=\"600\" height=\"900\" srcset=\"http:\/\/herne1.de\/wp-content\/uploads\/2017\/07\/K800_IMG_9312-e1501534924434.jpg 600w, http:\/\/herne1.de\/wp-content\/uploads\/2017\/07\/K800_IMG_9312-e1501534924434-200x300.jpg 200w\" sizes=\"auto, (max-width: 600px) 100vw, 600px\" \/> <img loading=\"lazy\" decoding=\"async\" class=\"aligncenter size-full wp-image-1586\" src=\"http:\/\/herne1.de\/wp-content\/uploads\/2017\/07\/K800_IMG_9314.jpg\" alt=\"K800_IMG_9314\" width=\"900\" height=\"600\" srcset=\"http:\/\/herne1.de\/wp-content\/uploads\/2017\/07\/K800_IMG_9314.jpg 900w, http:\/\/herne1.de\/wp-content\/uploads\/2017\/07\/K800_IMG_9314-300x200.jpg 300w, http:\/\/herne1.de\/wp-content\/uploads\/2017\/07\/K800_IMG_9314-768x512.jpg 768w\" sizes=\"auto, (max-width: 900px) 100vw, 900px\" \/><\/p>\n<p>&nbsp;<\/p>\n","protected":false},"excerpt":{"rendered":"<p>Von Zeit zu Zeit bin ich als Vereinsvorsitzender auch in anderen G\u00e4rten unterwegs &#8211; meistens ganz privat und nicht als Vorsitzender. Berichtenswertes zum Thema G\u00e4rten und Kleingartenvereine m\u00f6chte ich Euch dann aber deshalb nicht vorenthalten: Vatertag 2017 &#8211; KGV Herne &hellip; <a href=\"http:\/\/herne1.de\/?page_id=1567\">Weiterlesen <span class=\"meta-nav\">&rarr;<\/span><\/a><\/p>\n","protected":false},"author":1,"featured_media":0,"parent":1398,"menu_order":0,"comment_status":"closed","ping_status":"closed","template":"","meta":{"footnotes":""},"class_list":["post-1567","page","type-page","status-publish","hentry"],"jetpack_sharing_enabled":true,"jetpack_shortlink":"https:\/\/wp.me\/P8oLBr-ph","_links":{"self":[{"href":"http:\/\/herne1.de\/index.php?rest_route=\/wp\/v2\/pages\/1567","targetHints":{"allow":["GET"]}}],"collection":[{"href":"http:\/\/herne1.de\/index.php?rest_route=\/wp\/v2\/pages"}],"about":[{"href":"http:\/\/herne1.de\/index.php?rest_route=\/wp\/v2\/types\/page"}],"author":[{"embeddable":true,"href":"http:\/\/herne1.de\/index.php?rest_route=\/wp\/v2\/users\/1"}],"replies":[{"embeddable":true,"href":"http:\/\/herne1.de\/index.php?rest_route=%2Fwp%2Fv2%2Fcomments&post=1567"}],"version-history":[{"count":6,"href":"http:\/\/herne1.de\/index.php?rest_route=\/wp\/v2\/pages\/1567\/revisions"}],"predecessor-version":[{"id":1769,"href":"http:\/\/herne1.de\/index.php?rest_route=\/wp\/v2\/pages\/1567\/revisions\/1769"}],"up":[{"embeddable":true,"href":"http:\/\/herne1.de\/index.php?rest_route=\/wp\/v2\/pages\/1398"}],"wp:attachment":[{"href":"http:\/\/herne1.de\/index.php?rest_route=%2Fwp%2Fv2%2Fmedia&parent=1567"}],"curies":[{"name":"wp","href":"https:\/\/api.w.org\/{rel}","templated":true}]}}