{"id":294,"date":"2014-05-06T20:00:01","date_gmt":"2014-05-06T20:00:01","guid":{"rendered":"http:\/\/herne1.de\/?page_id=294"},"modified":"2018-11-26T17:07:59","modified_gmt":"2018-11-26T17:07:59","slug":"termine","status":"publish","type":"page","link":"http:\/\/herne1.de\/?page_id=294","title":{"rendered":"Termine"},"content":{"rendered":"<h2><strong>2018<\/strong><\/h2>\n<p><em><span style=\"color: #808080;\">05. Januar &#8211;<a style=\"color: #808080;\" href=\"http:\/\/herne1.de\/?p=1671\"> &#8222;Tannenschreddern&#8220;<\/a> ab 16 Uhr<\/span><\/em><\/p>\n<p><em><span style=\"color: #808080;\">08. Januar &#8211; Fachberatung im Schulungszentrum<a style=\"color: #808080;\" href=\"https:\/\/kg-herne.de\/fileadmin\/Fachberatung\/2018_Gaertnern_mit_Tablet_und_Smartphone_.pdf\" target=\"_blank\" rel=\"noopener\"> &#8222;G\u00e4rtnern mit Tablet und Smartphone&#8220;<\/a> ab 18 Uhr<\/span><\/em><\/p>\n<p><em><span style=\"color: #808080;\">10. Februar &#8211;<a style=\"color: #808080;\" href=\"https:\/\/kg-herne.de\/fileadmin\/Fachberatung\/2018-02_Baumschnitt.pdf\" target=\"_blank\" rel=\"noopener\"> Obstbaumschnitt<\/a> durch die Fachberatung in der <a style=\"color: #808080;\" href=\"http:\/\/www.kgv-gartenstadt.de\/\" target=\"_blank\" rel=\"noopener\">KGA Gartenstadt<\/a> \/ M\u00fchlenstra\u00dfe ab 10 Uhr. Bei Frost Terminverschiebung auf den 24.02. !<\/span><\/em><\/p>\n<p><em><span style=\"color: #808080;\">13. Februar &#8211; Fachberatung im Schulungszentrum &#8222;<a style=\"color: #808080;\" href=\"http:\/\/herne1.de\/wp-content\/uploads\/2014\/05\/2018-02-Boden-lebt25263.pdf\" target=\"_blank\" rel=\"noopener\">Der Boden lebt<\/a>&#8220; ab 18 Uhr<\/span><\/em><\/p>\n<p><em><span style=\"color: #808080;\">17. Februar &#8211;<a style=\"color: #808080;\" href=\"https:\/\/kg-herne.de\/fileadmin\/Fachberatung\/2018-02_Baumschnitt.pdf\" target=\"_blank\" rel=\"noopener\"> Obstbaumschnitt<\/a> durch die Fachberatung in der KGA Horsthausen \/ Bl\u00fccherstra\u00dfe ab 10 Uhr. Bei Frost Terminverschiebung m\u00f6glich !<\/span><\/em><\/p>\n<p><em><span style=\"color: #808080;\">31.03.\u00a0 Karsamstag &#8211; <a style=\"color: #808080;\" href=\"http:\/\/herne1.de\/?p=1970\">Osterfeuer<\/a> 2018\u00a0ab 16 Uhr<\/span><\/em><\/p>\n<p><em><span style=\"color: #808080;\">06.05.\u00a0Fr\u00fchschoppen ab 10:00 Uhr<\/span><\/em><\/p>\n<p><em><span style=\"color: #808080;\">15.05. &#8222;Kalte Sophie&#8220; &#8211; letzter Tag der <a style=\"color: #808080;\" href=\"http:\/\/www.mein-garten-ratgeber.de\/geschichten-bauernregeln-details\/eisheilige-kalte-sophie.html\" target=\"_blank\" rel=\"noopener\">Eisheiligen<\/a><\/span><\/em><\/p>\n<p><em><span style=\"text-align: left; color: #808080; text-transform: none; text-indent: 0px; letter-spacing: normal; font-family: 'Helvetica Neue',Helvetica,Arial,'Nimbus Sans L',sans-serif; font-size: 15px; font-variant: normal; font-weight: 300; text-decoration: none; word-spacing: 0px; display: inline !important; white-space: normal; orphans: 2; float: none; -webkit-text-stroke-width: 0px; background-color: transparent;\">03.06.\u00a0Fr\u00fchschoppen ab 10:00 Uhr<\/span><\/em><\/p>\n<p><span style=\"color: #808080;\"><em>08.06. Sommerfest Tag 1 ab 17:00 Uhr<\/em><\/span><\/p>\n<p><span style=\"color: #808080;\"><em>09.06. Sommerfest Tag 2 ab 14:00 Uhr<\/em><\/span><\/p>\n<p><span style=\"color: #808080;\"><em>01.07.\u00a0Fr\u00fchschoppen ab 10:00 Uhr<\/em><\/span><\/p>\n<p><span style=\"color: #808080;\"><em>05.08.\u00a0Fr\u00fchschoppen ab 10:00 Uhr<\/em><\/span><\/p>\n<p><span style=\"color: #808080;\"><em>02.09.\u00a0Fr\u00fchschoppen ab 10:00 Uhr<\/em><\/span><\/p>\n<p><span style=\"color: #808080;\"><em>29.09. Erntedank &amp; Einweihung Garten 25<\/em><\/span><\/p>\n<p><span style=\"color: #808080;\"><em>07.10.\u00a0Fr\u00fchschoppen ab 10:00 Uhr<\/em><\/span><\/p>\n<p>09.12. Mitgliederversammlung um 14:30 und Nikolausfeier ab 16:00 Uhr<\/p>\n<h2><strong>2019<\/strong><\/h2>\n<p>03.03. Mitgliederversammlung<\/p>\n<p>20.04. Osterfeuer<\/p>\n<p>14.07. Kleingarten-Wandertag ab KGA Horsthausen<\/p>\n<p><strong>Weitere Termine in Vorbereitung !<\/strong><\/p>\n<p>&nbsp;<\/p>\n","protected":false},"excerpt":{"rendered":"<p>2018 05. Januar &#8211; &#8222;Tannenschreddern&#8220; ab 16 Uhr 08. Januar &#8211; Fachberatung im Schulungszentrum &#8222;G\u00e4rtnern mit Tablet und Smartphone&#8220; ab 18 Uhr 10. Februar &#8211; Obstbaumschnitt durch die Fachberatung in der KGA Gartenstadt \/ M\u00fchlenstra\u00dfe ab 10 Uhr. Bei Frost &hellip; <a href=\"http:\/\/herne1.de\/?page_id=294\">Weiterlesen <span class=\"meta-nav\">&rarr;<\/span><\/a><\/p>\n","protected":false},"author":1,"featured_media":0,"parent":0,"menu_order":0,"comment_status":"closed","ping_status":"closed","template":"","meta":{"footnotes":""},"class_list":["post-294","page","type-page","status-publish","hentry"],"jetpack_sharing_enabled":true,"jetpack_shortlink":"https:\/\/wp.me\/P8oLBr-4K","_links":{"self":[{"href":"http:\/\/herne1.de\/index.php?rest_route=\/wp\/v2\/pages\/294","targetHints":{"allow":["GET"]}}],"collection":[{"href":"http:\/\/herne1.de\/index.php?rest_route=\/wp\/v2\/pages"}],"about":[{"href":"http:\/\/herne1.de\/index.php?rest_route=\/wp\/v2\/types\/page"}],"author":[{"embeddable":true,"href":"http:\/\/herne1.de\/index.php?rest_route=\/wp\/v2\/users\/1"}],"replies":[{"embeddable":true,"href":"http:\/\/herne1.de\/index.php?rest_route=%2Fwp%2Fv2%2Fcomments&post=294"}],"version-history":[{"count":37,"href":"http:\/\/herne1.de\/index.php?rest_route=\/wp\/v2\/pages\/294\/revisions"}],"predecessor-version":[{"id":2047,"href":"http:\/\/herne1.de\/index.php?rest_route=\/wp\/v2\/pages\/294\/revisions\/2047"}],"wp:attachment":[{"href":"http:\/\/herne1.de\/index.php?rest_route=%2Fwp%2Fv2%2Fmedia&parent=294"}],"curies":[{"name":"wp","href":"https:\/\/api.w.org\/{rel}","templated":true}]}}