{"id":30,"date":"2014-04-22T16:31:16","date_gmt":"2014-04-22T16:31:16","guid":{"rendered":"http:\/\/herne1.de\/?page_id=30"},"modified":"2014-05-03T06:53:31","modified_gmt":"2014-05-03T06:53:31","slug":"unser-vereinrne","status":"publish","type":"page","link":"http:\/\/herne1.de\/?page_id=30","title":{"rendered":"Unser Verein"},"content":{"rendered":"<p>Der Kleingartenverein Gr\u00fcne Oase Herne e.V. wurde im November 1989 gegr\u00fcndet und am 29. M\u00e4rz 1990 ins Vereinsregister der Stadt Herne eingetragen.<\/p>\n<p style=\"text-align: center;\"><a href=\"http:\/\/herne1.de\/wp-content\/uploads\/2014\/04\/KGVLogo.jpg\"><img loading=\"lazy\" decoding=\"async\" class=\"alignnone size-full wp-image-135\" src=\"http:\/\/herne1.de\/wp-content\/uploads\/2014\/04\/KGVLogo.jpg\" alt=\"KGVLogo\" width=\"158\" height=\"126\" \/><\/a><\/p>\n<p>Unsere Anlage an der Kremerstrasse in &#8222;Herne 1&#8220; umfasst ca. 16000 m2, hat 42 Kleigartenparzellen und 2 Gemeinschaftsgrundst\u00fccke. Das eine wurde 2013 zu einer \u00f6ffentlichen Obstwiese umgestaltet, auf dem anderen stehen unsere Lagercontainer und ist Schauplatz unserer Vereinsaktivit\u00e4ten wie z.B. den Vereinsfeiern. Auch einen Kinderspielplatz haben wir vor einigen Jahren hier angelegt, im Sommer erg\u00e4nzen wir diesen meist durch Torwand &amp; Tischtennisplatte.<\/p>\n<p>Ein Vereinsheim besitzen wir nicht.<\/p>\n<p>Aktueller 1. Vorsitzender unseres Vereins ist Thomas Volbach, 2. Vorsitzender Holger Keiluweit.<\/p>\n<p style=\"text-align: center;\"><a href=\"http:\/\/herne1.de\/wp-content\/uploads\/2014\/04\/K800_IMG_1083.jpg\"><img loading=\"lazy\" decoding=\"async\" class=\"alignnone size-medium wp-image-95\" src=\"http:\/\/herne1.de\/wp-content\/uploads\/2014\/04\/K800_IMG_1083-300x200.jpg\" alt=\"K800_IMG_1083\" width=\"300\" height=\"200\" srcset=\"http:\/\/herne1.de\/wp-content\/uploads\/2014\/04\/K800_IMG_1083-300x200.jpg 300w, http:\/\/herne1.de\/wp-content\/uploads\/2014\/04\/K800_IMG_1083.jpg 900w\" sizes=\"auto, (max-width: 300px) 100vw, 300px\" \/><\/a><\/p>\n","protected":false},"excerpt":{"rendered":"<p>Der Kleingartenverein Gr\u00fcne Oase Herne e.V. wurde im November 1989 gegr\u00fcndet und am 29. M\u00e4rz 1990 ins Vereinsregister der Stadt Herne eingetragen. Unsere Anlage an der Kremerstrasse in &#8222;Herne 1&#8220; umfasst ca. 16000 m2, hat 42 Kleigartenparzellen und 2 Gemeinschaftsgrundst\u00fccke. &hellip; <a href=\"http:\/\/herne1.de\/?page_id=30\">Weiterlesen <span class=\"meta-nav\">&rarr;<\/span><\/a><\/p>\n","protected":false},"author":1,"featured_media":0,"parent":0,"menu_order":0,"comment_status":"open","ping_status":"open","template":"","meta":{"footnotes":""},"class_list":["post-30","page","type-page","status-publish","hentry"],"jetpack_sharing_enabled":true,"jetpack_shortlink":"https:\/\/wp.me\/P8oLBr-u","_links":{"self":[{"href":"http:\/\/herne1.de\/index.php?rest_route=\/wp\/v2\/pages\/30","targetHints":{"allow":["GET"]}}],"collection":[{"href":"http:\/\/herne1.de\/index.php?rest_route=\/wp\/v2\/pages"}],"about":[{"href":"http:\/\/herne1.de\/index.php?rest_route=\/wp\/v2\/types\/page"}],"author":[{"embeddable":true,"href":"http:\/\/herne1.de\/index.php?rest_route=\/wp\/v2\/users\/1"}],"replies":[{"embeddable":true,"href":"http:\/\/herne1.de\/index.php?rest_route=%2Fwp%2Fv2%2Fcomments&post=30"}],"version-history":[{"count":7,"href":"http:\/\/herne1.de\/index.php?rest_route=\/wp\/v2\/pages\/30\/revisions"}],"predecessor-version":[{"id":234,"href":"http:\/\/herne1.de\/index.php?rest_route=\/wp\/v2\/pages\/30\/revisions\/234"}],"wp:attachment":[{"href":"http:\/\/herne1.de\/index.php?rest_route=%2Fwp%2Fv2%2Fmedia&parent=30"}],"curies":[{"name":"wp","href":"https:\/\/api.w.org\/{rel}","templated":true}]}}