{"id":588,"date":"2014-05-11T00:51:26","date_gmt":"2014-05-11T00:51:26","guid":{"rendered":"http:\/\/herne1.de\/?page_id=588"},"modified":"2014-05-11T00:53:14","modified_gmt":"2014-05-11T00:53:14","slug":"tomatenfluesterer","status":"publish","type":"page","link":"http:\/\/herne1.de\/?page_id=588","title":{"rendered":"Tomatenfl\u00fcsterer"},"content":{"rendered":"<p>Im letzten Jahr wurde die Herner Weltpresse auf den Garten Nr. 8 aufmerksam, da in Peter&#8217;s Garten die Tomaten einfach nur eine wahre Augenweide sind.<\/p>\n<p><a href=\"http:\/\/www.derwesten.de\/staedte\/nachrichten-aus-herne-und-wanne-eickel\/der-tomatenfluesterer-aus-horsthausen-id8397333.html\" target=\"_blank\">Hier der Link zum Originalartikel&#8230;<\/a><\/p>\n<p>&#8230;und der Originaltext des Artikel:<\/p>\n<p>In der Kleingartenanlage \u201eGr\u00fcne Oase\u201c in Horsthaussen suchen die Tomaten von Ingrid und Peter Hebecker Ihresgleichen. Satte 730 Gramm brachte die schwerste der bisher in dieser Saison geernteten Fr\u00fcchte auf die Waage. Peter Hebeckers Rezept f\u00fcr das \u00fcppige Wachstum: Brennesselsud und freundliche Ansprache.<\/p>\n<p>In der Kleingartenanlage Gr\u00fcne Oase an der Kremerstra\u00dfe in Horsthausen, Parzelle 8, sitzen Peter (71) und Ingrid Hebecker (67) auf der Terrasse. Der Apfelbaum h\u00e4ngt voller \u00c4pfel, die Feigenernte ist gerade im Gang und auf der Bank vor dem Gartenh\u00e4uschen liegt eine riesige Zucchini. \u201eMein Mann hat einen gr\u00fcnen Daumen\u201c, sagt Ingrid Hebecker. In ihrem Garten bauen die beiden Ruhest\u00e4ndler K\u00fcrbisse, Feigen, Wein, Birnen, Kr\u00e4uter, Kartoffeln, Pfirsiche, Aprikosen, Zucchini, Gurken und vor allem Tomaten an. Nicht umsonst wird er von Freunden und Verwandten \u201eTomaten-Peter\u201c genannt.<\/p>\n<p>Schon seit 30 Jahren widmet sich der 71-J\u00e4hrige den Tomaten, mit Erfolg. Seit er und seine Frau den Garten 1983 von einem Onkel \u00fcbernommen haben, baut er die Nachtschattengew\u00e4chse an. Mittlerweile seien seine Tomaten die gr\u00f6\u00dften im Kleingartenverein. \u201eWenn die Nachbarn vorbeikommen, dann fragen sie mich immer, wie ich das mache\u201c, erz\u00e4hlt Peter Hebecker, \u201ebei denen klappt das mit den Tomaten irgendwie nicht so gut.\u201c Peter Hebecker kann sich nicht beklagen. Die gr\u00f6\u00dfte Tomate dieser Saison war eine Stegtomate mit 730 Gramm Gewicht, normalerweise wiege diese Tomatenz\u00fcchtung nur 300 bis 400 Gramm. Und noch h\u00e4ngen die Str\u00e4ucher in Parzelle 8 voll. Insgesamt sind es 56 Str\u00e4ucher in dem 320 Quadratmetergarten, von Ingrid Hebecker aus Neugierde gez\u00e4hlt.<\/p>\n<p>Im kleinen Gew\u00e4chshaus des Gartens baut ihr Mann Schokotomaten an. Hinter dem Gew\u00e4chshaus sind mehrere Fleischtomaten. Weiter geht es mit Andentomaten sowie roten Stegtomaten, die in England auch \u201eStuffertomaten\u201c hei\u00dfen, wie er sagt. \u201eDie meisten der Str\u00e4ucher sind selbst gezogen\u201c, erz\u00e4hlt Peter Hebecker. Das besondere Wachstum seiner Tomaten kann er sich nicht erkl\u00e4ren. \u201eIch konnte schon immer gut mit Pflanzen, und es macht mir Spa\u00df\u201c, sagt er. Um anzuf\u00fcgen: \u201eVielleicht, weil ich sie einmal w\u00f6chentlich mit einem verd\u00fcnnten Brennesselsud gie\u00dfe.\u201c<\/p>\n<p>Wenn die beiden sich nicht um den Garten k\u00fcmmern, dann reisen sie gerne. Meistens im Herbst oder im Winter, wenn die Tomatensaison vorbei ist. Denn: Im Sommer muss jeden Tag gegossen werden. Seine Frau hilft ihm dabei, doch f\u00fcr sie steht fest: \u201eMein Mann ist der Boss, wenn es um die Tomaten geht. Er wei\u00df da mehr als ich. Wissen Sie, jeden morgen, wenn wir in den Garten gehen, dann geht er zuerst ins Gew\u00e4chshaus und fragt die Tomaten, wie sie geschlafen haben.\u201c Vielleicht ist das auch der Grund, warum Peter Hebeckers Tomaten so gro\u00df werden.<\/p>\n<p>(WAZ 04.09.13)<\/p>\n","protected":false},"excerpt":{"rendered":"<p>Im letzten Jahr wurde die Herner Weltpresse auf den Garten Nr. 8 aufmerksam, da in Peter&#8217;s Garten die Tomaten einfach nur eine wahre Augenweide sind. Hier der Link zum Originalartikel&#8230; &#8230;und der Originaltext des Artikel: In der Kleingartenanlage \u201eGr\u00fcne Oase\u201c &hellip; <a href=\"http:\/\/herne1.de\/?page_id=588\">Weiterlesen <span class=\"meta-nav\">&rarr;<\/span><\/a><\/p>\n","protected":false},"author":1,"featured_media":0,"parent":586,"menu_order":0,"comment_status":"closed","ping_status":"closed","template":"","meta":{"footnotes":""},"class_list":["post-588","page","type-page","status-publish","hentry"],"jetpack_sharing_enabled":true,"jetpack_shortlink":"https:\/\/wp.me\/P8oLBr-9u","_links":{"self":[{"href":"http:\/\/herne1.de\/index.php?rest_route=\/wp\/v2\/pages\/588","targetHints":{"allow":["GET"]}}],"collection":[{"href":"http:\/\/herne1.de\/index.php?rest_route=\/wp\/v2\/pages"}],"about":[{"href":"http:\/\/herne1.de\/index.php?rest_route=\/wp\/v2\/types\/page"}],"author":[{"embeddable":true,"href":"http:\/\/herne1.de\/index.php?rest_route=\/wp\/v2\/users\/1"}],"replies":[{"embeddable":true,"href":"http:\/\/herne1.de\/index.php?rest_route=%2Fwp%2Fv2%2Fcomments&post=588"}],"version-history":[{"count":3,"href":"http:\/\/herne1.de\/index.php?rest_route=\/wp\/v2\/pages\/588\/revisions"}],"predecessor-version":[{"id":591,"href":"http:\/\/herne1.de\/index.php?rest_route=\/wp\/v2\/pages\/588\/revisions\/591"}],"up":[{"embeddable":true,"href":"http:\/\/herne1.de\/index.php?rest_route=\/wp\/v2\/pages\/586"}],"wp:attachment":[{"href":"http:\/\/herne1.de\/index.php?rest_route=%2Fwp%2Fv2%2Fmedia&parent=588"}],"curies":[{"name":"wp","href":"https:\/\/api.w.org\/{rel}","templated":true}]}}