{"id":592,"date":"2014-05-11T12:18:22","date_gmt":"2014-05-11T12:18:22","guid":{"rendered":"http:\/\/herne1.de\/?page_id=592"},"modified":"2014-05-11T18:23:06","modified_gmt":"2014-05-11T18:23:06","slug":"garten-nr-14","status":"publish","type":"page","link":"http:\/\/herne1.de\/?page_id=592","title":{"rendered":"Garten Nr. 14"},"content":{"rendered":"<p>Dieser Garten wurde 2008 von unserem jetzigen Vereinsschriftf\u00fchrer Detlef Schnarre \u00fcbernommen der aber auch bereits vorher P\u00e4chter einer Parzelle in unserer Anlage war.<\/p>\n<p>&nbsp;<\/p>\n","protected":false},"excerpt":{"rendered":"<p>Dieser Garten wurde 2008 von unserem jetzigen Vereinsschriftf\u00fchrer Detlef Schnarre \u00fcbernommen der aber auch bereits vorher P\u00e4chter einer Parzelle in unserer Anlage war. &nbsp;<\/p>\n","protected":false},"author":1,"featured_media":612,"parent":569,"menu_order":14,"comment_status":"closed","ping_status":"closed","template":"","meta":{"footnotes":""},"class_list":["post-592","page","type-page","status-publish","has-post-thumbnail","hentry"],"jetpack_sharing_enabled":true,"jetpack_shortlink":"https:\/\/wp.me\/P8oLBr-9y","_links":{"self":[{"href":"http:\/\/herne1.de\/index.php?rest_route=\/wp\/v2\/pages\/592","targetHints":{"allow":["GET"]}}],"collection":[{"href":"http:\/\/herne1.de\/index.php?rest_route=\/wp\/v2\/pages"}],"about":[{"href":"http:\/\/herne1.de\/index.php?rest_route=\/wp\/v2\/types\/page"}],"author":[{"embeddable":true,"href":"http:\/\/herne1.de\/index.php?rest_route=\/wp\/v2\/users\/1"}],"replies":[{"embeddable":true,"href":"http:\/\/herne1.de\/index.php?rest_route=%2Fwp%2Fv2%2Fcomments&post=592"}],"version-history":[{"count":1,"href":"http:\/\/herne1.de\/index.php?rest_route=\/wp\/v2\/pages\/592\/revisions"}],"predecessor-version":[{"id":624,"href":"http:\/\/herne1.de\/index.php?rest_route=\/wp\/v2\/pages\/592\/revisions\/624"}],"up":[{"embeddable":true,"href":"http:\/\/herne1.de\/index.php?rest_route=\/wp\/v2\/pages\/569"}],"wp:featuredmedia":[{"embeddable":true,"href":"http:\/\/herne1.de\/index.php?rest_route=\/wp\/v2\/media\/612"}],"wp:attachment":[{"href":"http:\/\/herne1.de\/index.php?rest_route=%2Fwp%2Fv2%2Fmedia&parent=592"}],"curies":[{"name":"wp","href":"https:\/\/api.w.org\/{rel}","templated":true}]}}