{"id":789,"date":"2014-05-15T14:26:50","date_gmt":"2014-05-15T14:26:50","guid":{"rendered":"http:\/\/herne1.de\/?page_id=789"},"modified":"2014-05-15T14:28:30","modified_gmt":"2014-05-15T14:28:30","slug":"garten-nr-33","status":"publish","type":"page","link":"http:\/\/herne1.de\/?page_id=789","title":{"rendered":"Garten Nr. 33"},"content":{"rendered":"<p>Margret und Werner Schuhmacher sind die P\u00e4chter dieser wundersch\u00f6n gepflegten Parzelle. Schon fr\u00fch im Jahr sind hier\u00a0farbenpr\u00e4chtige Blumenarrangements zu bewundern.<\/p>\n","protected":false},"excerpt":{"rendered":"<p>Margret und Werner Schuhmacher sind die P\u00e4chter dieser wundersch\u00f6n gepflegten Parzelle. Schon fr\u00fch im Jahr sind hier\u00a0farbenpr\u00e4chtige Blumenarrangements zu bewundern.<\/p>\n","protected":false},"author":1,"featured_media":793,"parent":569,"menu_order":33,"comment_status":"closed","ping_status":"closed","template":"","meta":{"footnotes":""},"class_list":["post-789","page","type-page","status-publish","has-post-thumbnail","hentry"],"jetpack_sharing_enabled":true,"jetpack_shortlink":"https:\/\/wp.me\/P8oLBr-cJ","_links":{"self":[{"href":"http:\/\/herne1.de\/index.php?rest_route=\/wp\/v2\/pages\/789","targetHints":{"allow":["GET"]}}],"collection":[{"href":"http:\/\/herne1.de\/index.php?rest_route=\/wp\/v2\/pages"}],"about":[{"href":"http:\/\/herne1.de\/index.php?rest_route=\/wp\/v2\/types\/page"}],"author":[{"embeddable":true,"href":"http:\/\/herne1.de\/index.php?rest_route=\/wp\/v2\/users\/1"}],"replies":[{"embeddable":true,"href":"http:\/\/herne1.de\/index.php?rest_route=%2Fwp%2Fv2%2Fcomments&post=789"}],"version-history":[{"count":1,"href":"http:\/\/herne1.de\/index.php?rest_route=\/wp\/v2\/pages\/789\/revisions"}],"predecessor-version":[{"id":796,"href":"http:\/\/herne1.de\/index.php?rest_route=\/wp\/v2\/pages\/789\/revisions\/796"}],"up":[{"embeddable":true,"href":"http:\/\/herne1.de\/index.php?rest_route=\/wp\/v2\/pages\/569"}],"wp:featuredmedia":[{"embeddable":true,"href":"http:\/\/herne1.de\/index.php?rest_route=\/wp\/v2\/media\/793"}],"wp:attachment":[{"href":"http:\/\/herne1.de\/index.php?rest_route=%2Fwp%2Fv2%2Fmedia&parent=789"}],"curies":[{"name":"wp","href":"https:\/\/api.w.org\/{rel}","templated":true}]}}